{"id":4319,"date":"2026-04-03T09:12:33","date_gmt":"2026-04-03T09:12:33","guid":{"rendered":"https:\/\/thecubeofcubes.com\/legal-notice\/"},"modified":"2026-04-03T09:37:25","modified_gmt":"2026-04-03T09:37:25","slug":"%d8%a5%d8%b4%d8%b9%d8%a7%d8%b1-%d9%82%d8%a7%d9%86%d9%88%d9%86%d9%8a","status":"publish","type":"page","link":"https:\/\/thecubeofcubes.com\/ar\/%d8%a5%d8%b4%d8%b9%d8%a7%d8%b1-%d9%82%d8%a7%d9%86%d9%88%d9%86%d9%8a\/","title":{"rendered":"\u0625\u0634\u0639\u0627\u0631 \u0642\u0627\u0646\u0648\u0646\u064a"},"content":{"rendered":"<div class=\"wpb-content-wrapper\"><p>[vc_row uniqid=&#8221;6957bfb9b60e5&#8243; css=&#8221;.vc_custom_1768376380613{padding-top: 100px !important;}&#8221;][vc_column]      <div class=\"heading-block heading-6957a03845f79 tal h-h1\">\n                  <h1 class=\"h\">\u0625\u0634\u0639\u0627\u0631 \u0642\u0627\u0646\u0648\u0646\u064a<\/h1>\n              <\/div>\n    [\/vc_column][\/vc_row][vc_row css=&#8221;.vc_custom_1775204965778{padding-bottom: 65px !important;}&#8221; uniqid=&#8221;69cf7a61eab98&#8243;][vc_column][vc_column_text css=&#8221;&#8221;]\u064a\u062a\u0645 \u0646\u0634\u0631 \u0627\u0644\u0645\u0648\u0642\u0639 \u0627\u0644\u0625\u0644\u0643\u062a\u0631\u0648\u0646\u064a \u0627\u0644\u062d\u0627\u0644\u064a <a href=\"http:\/\/www.thecubeofcubes.com\/\"><b>www.thecubeofcubes.com<\/b><\/a> \u0628\u0648\u0627\u0633\u0637\u0629:<\/p>\n<p>BELOUA SAS<br \/>\n\u0634\u0631\u0643\u0629 \u0645\u0633\u0627\u0647\u0645\u0629 \u0645\u0628\u0633\u0637\u0629 (Soci\u00e9t\u00e9 par actions simplifi\u00e9e)<br \/>\nRCS Paris 930 162 391<br \/>\n\u0631\u0623\u0633 \u0627\u0644\u0645\u0627\u0644: 50,000 \u064a\u0648\u0631\u0648<br \/>\n\u0627\u0644\u0645\u0642\u0631 \u0627\u0644\u0631\u0626\u064a\u0633\u064a: \u0628\u0627\u0631\u064a\u0633\u060c \u0641\u0631\u0646\u0633\u0627<\/p>\n<p>\u0627\u0644\u0628\u0631\u064a\u062f \u0627\u0644\u0625\u0644\u0643\u062a\u0631\u0648\u0646\u064a \u0644\u0644\u0627\u062a\u0635\u0627\u0644: <a href=\"mailto:contact@beloua.fr\"><span style=\"font-weight: 400;\">contact@beloua.fr<\/span><\/a><b>\u00a0<\/b><\/p>\n<p>\u0645\u062f\u064a\u0631 \u0627\u0644\u0646\u0634\u0631: BELOUA SAS<\/p>\n<p>\u064a\u0642\u062f\u0645 \u0647\u0630\u0627 \u0627\u0644\u0645\u0648\u0642\u0639 \u0627\u0644\u0625\u0644\u0643\u062a\u0631\u0648\u0646\u064a \u0627\u0644\u0645\u0634\u0631\u0648\u0639 \u0627\u0644\u0641\u0646\u064a \u201dThe Cube of Cubes\u201c\u060c \u0628\u0645\u0627 \u0641\u064a \u0630\u0644\u0643 \u0645\u0639\u0644\u0648\u0645\u0627\u062a \u0639\u0646 \u0627\u0644\u0645\u0643\u0639\u0628 \u0648\u0627\u0644\u0643\u062a\u0627\u0628 \u0627\u0644\u0645\u0631\u062a\u0628\u0637 \u0628\u0647 \u0648\u0627\u0644\u0641\u0646\u0627\u0646 \u0623\u062d\u0645\u062f \u0645\u0635\u0637\u0641\u0649.[\/vc_column_text]      <div class=\"heading-block heading-69cf7900db1a2 tal h-h3\">\n                  <h3 class=\"h\">\u0627\u0633\u062a\u0636\u0627\u0641\u0629 \u0627\u0644\u0645\u0648\u0627\u0642\u0639 \u0627\u0644\u0625\u0644\u0643\u062a\u0631\u0648\u0646\u064a\u0629<\/h3>\n              <\/div>\n    [vc_column_text css=&#8221;&#8221;]\u064a\u0633\u062a\u0636\u064a\u0641 \u0627\u0644\u0645\u0648\u0642\u0639 \u0627\u0644\u0625\u0644\u0643\u062a\u0631\u0648\u0646\u064a:<\/p>\n<p>OVHcloud<br \/>\n2 \u0634\u0627\u0631\u0639 \u0643\u064a\u0644\u0631\u0645\u0627\u0646<br \/>\n59100 \u0631\u0648\u0628\u064a\u0647<br \/>\n\u0641\u0631\u0646\u0633\u0627[\/vc_column_text][\/vc_column][\/vc_row]<\/p>\n<\/div>","protected":false},"excerpt":{"rendered":"<p>[vc_row uniqid=&#8221;6957bfb9b60e5&#8243; css=&#8221;.vc_custom_1768376380613{padding-top: 100px !important;}&#8221;][vc_column][\/vc_column][\/vc_row][vc_row css=&#8221;.vc_custom_1775204965778{padding-bottom: 65px !important;}&#8221; uniqid=&#8221;69cf7a61eab98&#8243;][vc_column][vc_column_text css=&#8221;&#8221;]\u064a\u062a\u0645 \u0646\u0634\u0631 \u0627\u0644\u0645\u0648\u0642\u0639 \u0627\u0644\u0625\u0644\u0643\u062a\u0631\u0648\u0646\u064a \u0627\u0644\u062d\u0627\u0644\u064a www.thecubeofcubes.com \u0628\u0648\u0627\u0633\u0637\u0629: BELOUA SAS \u0634\u0631\u0643\u0629 \u0645\u0633\u0627\u0647\u0645\u0629 \u0645\u0628\u0633\u0637\u0629 (Soci\u00e9t\u00e9 par actions simplifi\u00e9e) RCS Paris 930 162 391 \u0631\u0623\u0633 \u0627\u0644\u0645\u0627\u0644: 50,000 \u064a\u0648\u0631\u0648 \u0627\u0644\u0645\u0642\u0631 \u0627\u0644\u0631\u0626\u064a\u0633\u064a: \u0628\u0627\u0631\u064a\u0633\u060c \u0641\u0631\u0646\u0633\u0627 \u0627\u0644\u0628\u0631\u064a\u062f \u0627\u0644\u0625\u0644\u0643\u062a\u0631\u0648\u0646\u064a \u0644\u0644\u0627\u062a\u0635\u0627\u0644: contact@beloua.fr\u00a0 \u0645\u062f\u064a\u0631 \u0627\u0644\u0646\u0634\u0631: BELOUA SAS \u064a\u0642\u062f\u0645 \u0647\u0630\u0627 \u0627\u0644\u0645\u0648\u0642\u0639 \u0627\u0644\u0625\u0644\u0643\u062a\u0631\u0648\u0646\u064a \u0627\u0644\u0645\u0634\u0631\u0648\u0639 \u0627\u0644\u0641\u0646\u064a \u201dThe Cube of [&hellip;]<\/p>\n","protected":false},"author":1,"featured_media":0,"parent":0,"menu_order":0,"comment_status":"closed","ping_status":"open","template":"template-landing.php","meta":{"_acf_changed":false,"footnotes":""},"class_list":["post-4319","page","type-page","status-publish","hentry"],"acf":[],"_links":{"self":[{"href":"https:\/\/thecubeofcubes.com\/ar\/wp-json\/wp\/v2\/pages\/4319","targetHints":{"allow":["GET"]}}],"collection":[{"href":"https:\/\/thecubeofcubes.com\/ar\/wp-json\/wp\/v2\/pages"}],"about":[{"href":"https:\/\/thecubeofcubes.com\/ar\/wp-json\/wp\/v2\/types\/page"}],"author":[{"embeddable":true,"href":"https:\/\/thecubeofcubes.com\/ar\/wp-json\/wp\/v2\/users\/1"}],"replies":[{"embeddable":true,"href":"https:\/\/thecubeofcubes.com\/ar\/wp-json\/wp\/v2\/comments?post=4319"}],"version-history":[{"count":2,"href":"https:\/\/thecubeofcubes.com\/ar\/wp-json\/wp\/v2\/pages\/4319\/revisions"}],"predecessor-version":[{"id":4324,"href":"https:\/\/thecubeofcubes.com\/ar\/wp-json\/wp\/v2\/pages\/4319\/revisions\/4324"}],"wp:attachment":[{"href":"https:\/\/thecubeofcubes.com\/ar\/wp-json\/wp\/v2\/media?parent=4319"}],"curies":[{"name":"wp","href":"https:\/\/api.w.org\/{rel}","templated":true}]}}