{"id":1389,"date":"2026-01-06T13:09:20","date_gmt":"2026-01-06T13:09:20","guid":{"rendered":"https:\/\/thecubeofcubes.com\/?page_id=1389"},"modified":"2026-04-01T16:02:14","modified_gmt":"2026-04-01T16:02:14","slug":"the-cube","status":"publish","type":"page","link":"https:\/\/thecubeofcubes.com\/en\/the-cube\/","title":{"rendered":"The Cube"},"content":{"rendered":"<div class=\"wpb-content-wrapper\"><p>[vc_row css=&#8221;.vc_custom_1768213714146{padding-top: 160px !important;}&#8221; uniqid=&#8221;6964cccdf6c0a&#8221;][vc_column]      <div class=\"heading-block heading-695d077db32fc tal h-h1\">\n                  <div class=\"sub-h\">Symbol Of Truth For Mankind<\/div>\n                  <h1 class=\"h\">The cube<\/h1>\n              <\/div>\n    [\/vc_column][\/vc_row][vc_row equal_height=&#8221;yes&#8221; uniqid=&#8221;695d090f7456f&#8221; el_class=&#8221;cubecol&#8221;][vc_column width=&#8221;1\/2&#8243; el_class=&#8221;leftcol&#8221;][vc_column_text css=&#8221;&#8221;]It was, indeed, the will of the One who \u201cpossesses the highest attribute\u201d that the content of the Qur\u2019an should be congruent with the innate disposition of the messenger who thus became a living embodiment of its guidance and its laws. He moved among men on earth as a living, revealed book comprising morals, sayings and deeds from which even the illiterate and those unable to speak his language could derive benefit, for \u201cthe Messenger of God (SWT) is a good example for everyone who hopes for God (SWT) and the last day, and who greatly remembers God (SWT).\u201d<\/p>\n<p>God (SWT) \u2013 may He be exalted \u2013 has bestowed upon mankind \u201cmany facets to every kind of lesson\u201d with respect to the innate disposition of the Prophet (PBUH), and these correspond fully to the many-faceted lessons stated in His divine Revelation as a whole. As He says: \u201cThus indeed We have given in this Qur\u2019an many facets to every kind of lesson designed for the benefit of mankind. However, man is, above else, always given to contention.\u201d He did this so that form and content, word and meaning should fully coincide. The Prophet (PBUH) therefore becomes a living mirror reflecting the essence of divine mercy which is also the ultimate purpose of the message sent down in the Qur\u2019an: \u201cAnd thus, O Prophet, We have sent you as a mercy for all the worlds.\u201d<\/p>\n<p>Taken together, the Qur\u2019an as word of God (SWT) and Muhammad as messenger of God (SWT) to mankind exist in parallel with another dual entity, namely the order prevailing in the cosmos and the capacity for the perception and generation of order which exists in the collective human intellect. This is a phenomenon of the profoundest significance, especially if we take into account the conformity between the two types of order \u2013 the cosmic and the intellectual \u2013 which represents the essence of knowledge in its objective sense. Indeed, without this compatibility no objective knowledge of any kind would be possible for man to attain. However much our knowledge, our ways of thinking and our understanding of the universe change and develop, this essential conformity between the order of the cosmos and the order of the intellect remains unaltered fact. While objective knowledge of physical reality arises on account of this congruence, the knowledge of what is absolute and certain emanates from that other proven congruence, that between the Qur\u2019an and Muhammad (PBUH). Both types of knowledge, the objective and the absolute, are but two aspects of one single knowledge whose source is the All-knowing Creator, Originator of both the universe and the intellect, who bestowed the Qur\u2019an and dispatched His messenger.<\/p>\n<p>One of the Prophetic Hadith which occupies an absolutely pivotal position in Islam is the one concerning the Divine Names (Attributes): \u201cGod (SWT) has ninety-nine names, one hundred minus one, for He is singular and loves singularity; whoever enumerates them enters Paradise.\u201d[\/vc_column_text][\/vc_column][vc_column width=&#8221;1\/2&#8243; el_class=&#8221;rightcol&#8221;][vc_column_text css=&#8221;&#8221;]<img decoding=\"async\" class=\"aligncenter\" style=\"background-color: #181818; border: 1px solid #A1A1A1;\" src=\"\/wp-content\/uploads\/2026\/03\/thecube_3.png\" alt=\"The cube\" \/>[\/vc_column_text][\/vc_column][\/vc_row][vc_row uniqid=&#8221;695d0df27b930&#8243;][vc_column][vc_column_text css=&#8221;&#8221;]When analysing the words of this Hadith in their context we are confronted with a number of pressing questions which require to be answered, especially if we accept the premise that the Prophet (PBUH) did not \u201cspeak out of fancy\u201d in all he said, not excepting even a word or a letter. As space is limited we will restrict ourselves to the following issues:<\/p>\n<ol>\n<li>Why the mention of ninety-nine?<\/li>\n<li>What is meant with the expression \u201cone hundred minus one\u201d?<\/li>\n<li>Does the reality of ninety-nine differ from that of one hundred minus one?<\/li>\n<li>What is the meaning of \u201cGod (SWT) is singular and loves singularity\u201d in this context?<\/li>\n<li>What is the meaning of \u201cenumeration\u201d here and why does the Hadith link enumeration with entry into Paradise?<\/li>\n<\/ol>\n<p>[\/vc_column_text][\/vc_column][\/vc_row][vc_row full_width=&#8221;stretch_row&#8221; disable_element=&#8221;yes&#8221; el_class=&#8221;icon-block&#8221; css=&#8221;.vc_custom_1775059327797{margin-top: 0px !important;border-top-width: 1px !important;border-bottom-width: 1px !important;padding-top: 20px !important;padding-bottom: 20px !important;background-color: #000000 !important;border-top-style: solid !important;border-bottom-style: solid !important;border-color: #A1A1A1 !important;}&#8221; uniqid=&#8221;69ccfeea457a5&#8243;][vc_column css=&#8221;.vc_custom_1775042710530{padding-top: 20px !important;padding-bottom: 20px !important;}&#8221;]    <div class=\"icon-box2-block icon-box2-block-69cd1c9e87067 row\">\n          <div class=\" col-6 col-sm-6 col-md-6 col-lg-3 col-xl-3\">\n      <div class=\"icon-box-style2 icon-box-style2-69ccff837f1b5 tal\">\n                  <i class=\"essential-set-picture-2\"><\/i>\n                  <h5 class=\"h\">99<\/h5>\n                  <div class=\"desc\">Names of Allah<\/div>\n              <\/div>\n    <\/div>\n        <div class=\" col-6 col-sm-6 col-md-6 col-lg-3 col-xl-3\">\n      <div class=\"icon-box-style2 icon-box-style2-69ccffed68771 tal\">\n                  <i class=\"essential-set-picture-2\"><\/i>\n                  <h5 class=\"h\">1.315\u202fkg<\/h5>\n                  <div class=\"desc\">Weight<\/div>\n              <\/div>\n    <\/div>\n        <div class=\" col-6 col-sm-6 col-md-6 col-lg-3 col-xl-3\">\n      <div class=\"icon-box-style2 icon-box-style2-69cd00035bb03 tal\">\n                  <i class=\"essential-set-picture-2\"><\/i>\n                  <h5 class=\"h\">1,67 cm<\/h5>\n                  <div class=\"desc\">Dimensions<\/div>\n              <\/div>\n    <\/div>\n        <div class=\" col-6 col-sm-6 col-md-6 col-lg-3 col-xl-3\">\n      <div class=\"icon-box-style2 icon-box-style2-69cd001768c73 tal\">\n                  <i class=\"essential-set-picture-2\"><\/i>\n                  <h5 class=\"h\">ABS<\/h5>\n                  <div class=\"desc\">Material<\/div>\n              <\/div>\n    <\/div>\n        <\/div>\n    [\/vc_column][\/vc_row][vc_row uniqid=&#8221;695d0df92d185&#8243; css=&#8221;.vc_custom_1767707795453{padding-bottom: 60px !important;}&#8221;][vc_column]      <div class=\"heading-block heading-695d0d2c361ec tal h-h2 with-bottom-line\">\n                  <h2 class=\"h\">One Hundred Minus One in the Qur\u2019an<\/h2>\n              <\/div>\n    [vc_column_text css=&#8221;&#8221;]Before attempting to answer this question, we must turn to the Qur\u2019an in order to examine verses 21 to 25 of Sura \u1e62\u0101d (38). This is the sole Qur\u2019anic passage which narrates an event that concerns the relationship between ninety-nine and one, and thereby also sheds light on the relationship between these numbers and the concept of cosmic justice. The text is as follows:<\/p>\n<p>(21) And yet has the story of the litigants come within thy ken \u2013 the story of the two who surmounted the wall of the sanctuary in which David prayed?<br \/>\n(22) As they came upon David and he shrank back in fear of them, they said: \u201cFear not! We are but two litigants. One of us has wronged the other; so judge thou between us with justice, and deviate not from what is right, and show both of us the way to rectitude.\u201d<br \/>\n(23) \u201cBehold, this is my brother: he has ninety-nine ewes, whereas I have only one ewe; and yet he said: \u2018Make her over to me,\u2019 and forcibly prevailed against me in this [our] dispute.\u201d<br \/>\n(24) Said [David]: \u201cHe has certainly wronged thee by demanding that thy ewe be added to his ewes.\u201d Thus do many kinsmen wrong one another \u2013 all save those who believe in God (SWT) and do righteous deeds; but how few are they!<br \/>\n(25) And suddenly David understood that We had tried him: and so he asked his Sustainer to forgive his sin, and fell down in prostration and turned unto Him in repentance.<\/p>\n<p>Despite the fact that this Qur\u2019anic story on the relationship between the ninety-nine and one appears in a context which is rather less abstract than that of the aforementioned Hadith of the Prophet (PBUH), the true intent of its meaning still remains mysterious. David clearly states that it is a matter of injustice to request that to the ninety-nine be added a further one, to make up the figure one hundred.<\/p>\n<p>What, however, is the basis of his judgment with which David settles the dispute between the two litigants? While the text does not enlighten us on his reasoning, we cannot ignore the fact that it is a matter of grave consequence, especially if we take account of the Qur\u2019anic verse that follows directly upon this story: \u201cO David! We have made thee a vice-regent (khal\u012bfa) on earth; judge then between men and do not follow vain desire lest it lead thee astray from the path of God (SWT).\u201d<\/p>\n<p>Taken as a whole, the story explains to us what is really meant by the fact that God (SWT) appoints man as His vice-regent on earth. It shows that there is an indissoluble link between the realisation of this regency on the one hand, and just rule among mankind in keeping with the Truth and in conformity with the dictates of cosmic justice on the other. The latter are manifest, however, in the abiding, God-given laws and significations contained in the cube, i.e. the Ka\u2018ba, to which the story makes covert reference as we shall presently explain.[\/vc_column_text][vc_column_text css=&#8221;&#8221;]If we examine, as a first step, the properties of the square as a geometrical figure we notice that it is representative of equality in two dimensions, length and breadth, since the four lines and four angles it consists of are, respectively, all exactly equal in size (see fig. 1). This equality remains flawless and unchanged no matter how large the surface area encompassed by the square. Since the cube can be considered a manifestation in the third dimension of all the properties of the square, it exhibits the same type of equality, but in three, instead of two dimensions, and this no matter how large its actual size might be (see fig. 2). The laws upon which it is based are inherently stable, whether it is large or small.[\/vc_column_text][vc_column_text css=&#8221;&#8221;]<img decoding=\"async\" class=\"aligncenter\" style=\"background-color: #181818; border: 1px solid #A1A1A1; text-align: center;\" src=\"\/wp-content\/uploads\/2026\/01\/fig.jpg\" alt=\"The cube\" \/>[\/vc_column_text][vc_column_text css=&#8221;&#8221;]This enduring stability is a characteristic which distinguishes the cube from all other regular solids. Moreover, the six sides of the cube are equivalent to the six cardinal directions \u2014 forwards, backwards, left, right, up and down. On account of these singular characteristics Aristotle considered the cube as representative of the ideal or Perfect Man (al-ins\u0101n al-k\u0101mil). As he stated in his discourse on happiness, \u201cMan is in reality good and a perfect cube.\u201d These words are indicative of the enduring and pervasive solidity of this structure which does not display any irregularity or alteration no matter what angle it is observed from. As such the cube itself is a sign of the solidity of the Perfect Man who remains unchanged in all circumstances since his being is a constant affirmation of the names and attributes of God (SWT).<\/p>\n<p>Before Him, all conditions, all opposites and pairs are fused into one, since the Outer and the Inner, the Manifest and the Hidden are but two sides of one single reality. His names are indicative of this fact, for He is \u2014 may He be exalted \u2014 both the One Who Grants Life (al-Mu\u1e25y\u012b) and the One Who Brings Death (al-Mum\u012bt), the One Who Takes Away (al-Q\u0101bi\u1e0d) and the One Who Gives Abundantly (al-B\u0101si\u1e6d), the One who Raises to Honour (al-Mu\u02bfizz) and the One Who Humiliates (al-Mudh\u0323ill), the First before Whom there is nothing (al-Awwal) and the Last after Whom there is nothing (al-\u0100khir), and so on.[\/vc_column_text]          <div class=\"button-container button- left\">\n        <a class=\"button-style2\" href=\"\/product\/the-cube-of-cubes\/\" target=\"_self\">\n                    <span>Shop Now<\/span>\n        <\/a>\n      <\/div>\n        [\/vc_column][\/vc_row]<\/p>\n<\/div>","protected":false},"excerpt":{"rendered":"<p>[vc_row css=&#8221;.vc_custom_1768213714146{padding-top: 160px !important;}&#8221; uniqid=&#8221;6964cccdf6c0a&#8221;][vc_column][\/vc_column][\/vc_row][vc_row equal_height=&#8221;yes&#8221; uniqid=&#8221;695d090f7456f&#8221; el_class=&#8221;cubecol&#8221;][vc_column width=&#8221;1\/2&#8243; el_class=&#8221;leftcol&#8221;][vc_column_text css=&#8221;&#8221;]It was, indeed, the will of the One who \u201cpossesses the highest attribute\u201d that the content of the Qur\u2019an should be congruent with the innate disposition of the messenger who thus became a living embodiment of its guidance and its laws. He moved among men [&hellip;]<\/p>\n","protected":false},"author":1,"featured_media":0,"parent":0,"menu_order":0,"comment_status":"closed","ping_status":"closed","template":"template-landing.php","meta":{"_acf_changed":false,"footnotes":""},"class_list":["post-1389","page","type-page","status-publish","hentry"],"acf":[],"_links":{"self":[{"href":"https:\/\/thecubeofcubes.com\/en\/wp-json\/wp\/v2\/pages\/1389","targetHints":{"allow":["GET"]}}],"collection":[{"href":"https:\/\/thecubeofcubes.com\/en\/wp-json\/wp\/v2\/pages"}],"about":[{"href":"https:\/\/thecubeofcubes.com\/en\/wp-json\/wp\/v2\/types\/page"}],"author":[{"embeddable":true,"href":"https:\/\/thecubeofcubes.com\/en\/wp-json\/wp\/v2\/users\/1"}],"replies":[{"embeddable":true,"href":"https:\/\/thecubeofcubes.com\/en\/wp-json\/wp\/v2\/comments?post=1389"}],"version-history":[{"count":44,"href":"https:\/\/thecubeofcubes.com\/en\/wp-json\/wp\/v2\/pages\/1389\/revisions"}],"predecessor-version":[{"id":4256,"href":"https:\/\/thecubeofcubes.com\/en\/wp-json\/wp\/v2\/pages\/1389\/revisions\/4256"}],"wp:attachment":[{"href":"https:\/\/thecubeofcubes.com\/en\/wp-json\/wp\/v2\/media?parent=1389"}],"curies":[{"name":"wp","href":"https:\/\/api.w.org\/{rel}","templated":true}]}}