{"id":1994,"date":"2026-03-04T11:10:52","date_gmt":"2026-03-04T11:10:52","guid":{"rendered":"https:\/\/thecubeofcubes.com\/?page_id=1994"},"modified":"2026-03-05T22:06:55","modified_gmt":"2026-03-05T22:06:55","slug":"allah","status":"publish","type":"page","link":"https:\/\/thecubeofcubes.com\/en\/the-names-of-allah\/allah\/","title":{"rendered":"All\u0101h"},"content":{"rendered":"<div class=\"wpb-content-wrapper\"><p>[vc_row equal_height=&#8221;yes&#8221; uniqid=&#8221;5c99cd717f62c&#8221; css=&#8221;.vc_custom_1770687287381{padding-top: 100px !important;padding-bottom: 65px !important;}&#8221;][vc_column width=&#8221;1\/4&#8243;][vc_column_text css=&#8221;.vc_custom_1772748377567{margin-top: 0px !important;margin-bottom: 0px !important;}&#8221;]<img decoding=\"async\" class=\"img-nameofallah aligncenter wp-image-2469 size-medium\" src=\"https:\/\/thecubeofcubes.com\/wp-content\/uploads\/2026\/03\/cube_001_allah-266x300.png\" alt=\"\" width=\"266\" height=\"300\" srcset=\"https:\/\/thecubeofcubes.com\/wp-content\/uploads\/2026\/03\/cube_001_allah-266x300.png 266w, https:\/\/thecubeofcubes.com\/wp-content\/uploads\/2026\/03\/cube_001_allah.png 418w\" sizes=\"(max-width: 266px) 100vw, 266px\" \/>[\/vc_column_text][\/vc_column][vc_column width=&#8221;1\/2&#8243;]      <div class=\"heading-block heading-5c99cd7d59d6e tal h-h1\">\n                  <h1 class=\"h\"><span>All\u0101h<\/span> - In Arabic, ALL\u0100H is the equivalent for the English word, God.<\/h1>\n              <\/div>\n    [vc_column_text css=&#8221;&#8221;]<i><span style=\"font-weight: 400;\">All\u0101h<\/span><\/i><span style=\"font-weight: 400;\"> is the name of the true existent, the holder of divine attributes, the exponent of the traits of lordship, and the unique authentic existence. No other being can exist by virtue of its own essence. Whatever derives its existence from Him is perishable by essence. (In fact, all is perishable) \u201csave His countenance\u201d.\u00a0<\/span><\/p>\n<p><span style=\"font-weight: 400;\">It is most likely that (the name <\/span><i><span style=\"font-weight: 400;\">All\u0101h<\/span><\/i><span style=\"font-weight: 400;\">) occurs as an indication of this abstract entity in the same way that proper nouns (denote particular beings). Everything that has been said in respect of etymology and derivation is arbitrary and artificial.\u00a0<\/span><\/p>\n<p><span style=\"font-weight: 400;\">This name is the greatest of the ninety-nine names because it indicates the essence that brings together all the divine attributes in such a way that no part of them is lacking. Each of the other names indicates a single attribute (<\/span><i><span style=\"font-weight: 400;\">ma\u02bfn\u0101<\/span><\/i><span style=\"font-weight: 400;\">) such as knowledge, power, action and others, whereas (<\/span><i><span style=\"font-weight: 400;\">All\u0101h<\/span><\/i><span style=\"font-weight: 400;\">) is specifically the name (of God). No one applies <\/span><i><span style=\"font-weight: 400;\">All\u0101h<\/span><\/i><span style=\"font-weight: 400;\"> to any other but God himself, neither literally nor metaphorically, whereas the rest of the names, such as <\/span><i><span style=\"font-weight: 400;\">Al-Q\u0101dir, Al-\u02bfAl\u012bm, Ar-Ra\u1e25\u012bm<\/span><\/i><span style=\"font-weight: 400;\"> and the like, may be used to designate one other than Him. For these two reasons this name is the greatest name of all.\u00a0<\/span><\/p>\n<p><span style=\"font-weight: 400;\">In respect of the meanings of the rest of the names, such as <\/span><i><span style=\"font-weight: 400;\">Ar-Ra\u1e25\u012bm, Al-\u02bfAl\u012bm, Al-\u1e24al\u012bm, A\u1e63-\u1e62ab\u016br, Ash-Shak\u016br<\/span><\/i><span style=\"font-weight: 400;\"> and others, it is conceivable for man to be characterized (by these names) to the extent that they may be spoken of him, even though this is done in a fashion different from the application of (these) names to God. As for the meaning of this name (<\/span><i><span style=\"font-weight: 400;\">All\u0101h<\/span><\/i><span style=\"font-weight: 400;\">), it is so specific that it is inconceivable that there could be any sharing of it either metaphorically or literally. In view of this specificity, the rest of the names are described as being the names of God and are defined in relation to Him. (For this reason), one may say that <\/span><i><span style=\"font-weight: 400;\">A\u1e63-\u1e62ab\u016br, Ash-Shak\u016br, Al-Jabb\u0101r<\/span><\/i><span style=\"font-weight: 400;\"> and <\/span><i><span style=\"font-weight: 400;\">Al-Malik<\/span><\/i><span style=\"font-weight: 400;\"> are among the names of God, (but) one cannot say that <\/span><i><span style=\"font-weight: 400;\">All\u0101h<\/span><\/i><span style=\"font-weight: 400;\"> is one of the names of <\/span><i><span style=\"font-weight: 400;\">A\u1e63-\u1e62ab\u016br<\/span><\/i><span style=\"font-weight: 400;\"> and <\/span><i><span style=\"font-weight: 400;\">Ash-Shak\u016br<\/span><\/i><span style=\"font-weight: 400;\">. (This is true) in view of the fact that this name is more indicative of the true nature of the meaning of divinity and (subsequently) is more specific, (the name of God) that is best known and most prevalent. (As a result) one dispenses with trying to define it by something else, (whereas) the other (names) are defined in relationship to it.<\/span><span style=\"font-weight: 400;\"><br \/>\n<\/span>[\/vc_column_text]          <div class=\"button-container button-698a847d5c594 left\">\n        <a class=\"button-style1\" href=\"\/product\/the-cube-of-cubes\/\" target=\"_self\">\n                      <span class=\"d\"><span><\/span><\/span>\n                    <span>Shop Now<\/span>\n        <\/a>\n      <\/div>\n        [\/vc_column][vc_column width=&#8221;1\/4&#8243;][vc_column_text css=&#8221;.vc_custom_1772748412214{margin-top: 0px !important;margin-bottom: 0px !important;}&#8221;]<img decoding=\"async\" class=\"img-nameofallah aligncenter wp-image-2470 size-medium\" src=\"https:\/\/thecubeofcubes.com\/wp-content\/uploads\/2026\/03\/location_001-allah-203x300.png\" alt=\"\" width=\"203\" height=\"300\" srcset=\"https:\/\/thecubeofcubes.com\/wp-content\/uploads\/2026\/03\/location_001-allah-203x300.png 203w, https:\/\/thecubeofcubes.com\/wp-content\/uploads\/2026\/03\/location_001-allah.png 446w\" sizes=\"(max-width: 203px) 100vw, 203px\" \/>[\/vc_column_text][\/vc_column][\/vc_row][vc_row css=&#8221;.vc_custom_1770686991906{border-top-width: 1px !important;padding-bottom: 65px !important;border-top-style: solid !important;border-color: #B1B0B0 !important;}&#8221; uniqid=&#8221;698a854a41655&#8243; el_class=&#8221;pagination-detail-namesofallah&#8221;][vc_column width=&#8221;1\/2&#8243; el_class=&#8221;prevbtn&#8221;]          <div class=\"button-container button-698a85360afd8 left\">\n        <a class=\"button-style3\" href=\"\/the-names-of-allah\/\" target=\"_self\">\n                    <span>All The Names of Allah<\/span>\n        <\/a>\n      <\/div>\n        [\/vc_column][vc_column width=&#8221;1\/2&#8243;]          <div class=\"button-container button-698a84cea10a1 right\">\n        <a class=\"button-style3\" href=\"#\" target=\"_self\">\n                    <span>Next<\/span>\n        <\/a>\n      <\/div>\n        [\/vc_column][\/vc_row]<\/p>\n<\/div>","protected":false},"excerpt":{"rendered":"<p>[vc_row equal_height=&#8221;yes&#8221; uniqid=&#8221;5c99cd717f62c&#8221; css=&#8221;.vc_custom_1770687287381{padding-top: 100px !important;padding-bottom: 65px !important;}&#8221;][vc_column width=&#8221;1\/4&#8243;][vc_column_text css=&#8221;.vc_custom_1772748377567{margin-top: 0px !important;margin-bottom: 0px !important;}&#8221;][\/vc_column_text][\/vc_column][vc_column width=&#8221;1\/2&#8243;][vc_column_text css=&#8221;&#8221;]All\u0101h is the name of the true existent, the holder of divine attributes, the exponent of the traits of lordship, and the unique authentic existence. No other being can exist by virtue of its own essence. Whatever derives its existence [&hellip;]<\/p>\n","protected":false},"author":1,"featured_media":0,"parent":1140,"menu_order":0,"comment_status":"closed","ping_status":"closed","template":"template-landing.php","meta":{"_acf_changed":false,"footnotes":""},"class_list":["post-1994","page","type-page","status-publish","hentry"],"acf":[],"_links":{"self":[{"href":"https:\/\/thecubeofcubes.com\/en\/wp-json\/wp\/v2\/pages\/1994","targetHints":{"allow":["GET"]}}],"collection":[{"href":"https:\/\/thecubeofcubes.com\/en\/wp-json\/wp\/v2\/pages"}],"about":[{"href":"https:\/\/thecubeofcubes.com\/en\/wp-json\/wp\/v2\/types\/page"}],"author":[{"embeddable":true,"href":"https:\/\/thecubeofcubes.com\/en\/wp-json\/wp\/v2\/users\/1"}],"replies":[{"embeddable":true,"href":"https:\/\/thecubeofcubes.com\/en\/wp-json\/wp\/v2\/comments?post=1994"}],"version-history":[{"count":3,"href":"https:\/\/thecubeofcubes.com\/en\/wp-json\/wp\/v2\/pages\/1994\/revisions"}],"predecessor-version":[{"id":2472,"href":"https:\/\/thecubeofcubes.com\/en\/wp-json\/wp\/v2\/pages\/1994\/revisions\/2472"}],"up":[{"embeddable":true,"href":"https:\/\/thecubeofcubes.com\/en\/wp-json\/wp\/v2\/pages\/1140"}],"wp:attachment":[{"href":"https:\/\/thecubeofcubes.com\/en\/wp-json\/wp\/v2\/media?parent=1994"}],"curies":[{"name":"wp","href":"https:\/\/api.w.org\/{rel}","templated":true}]}}