{"id":2181,"date":"2026-03-04T21:49:14","date_gmt":"2026-03-04T21:49:14","guid":{"rendered":"https:\/\/thecubeofcubes.com\/?page_id=2181"},"modified":"2026-03-04T21:49:14","modified_gmt":"2026-03-04T21:49:14","slug":"al-ghafur","status":"publish","type":"page","link":"https:\/\/thecubeofcubes.com\/en\/the-names-of-allah\/al-ghafur\/","title":{"rendered":"Al-Ghaf\u016br"},"content":{"rendered":"<div class=\"wpb-content-wrapper\"><p>[vc_row equal_height=&#8221;yes&#8221; uniqid=&#8221;5c99cd717f62c&#8221; css=&#8221;.vc_custom_1770687287381{padding-top: 100px !important;padding-bottom: 65px !important;}&#8221;][vc_column width=&#8221;1\/4&#8243;][vc_column_text css=&#8221;.vc_custom_1772660950482{margin-top: 0px !important;margin-bottom: 0px !important;}&#8221;]<img decoding=\"async\" class=\"img-nameofallah aligncenter wp-image-2183 size-medium\" src=\"https:\/\/thecubeofcubes.com\/wp-content\/uploads\/2026\/03\/cube_035_al-ghafur-266x300.png\" alt=\"\" width=\"266\" height=\"300\" srcset=\"https:\/\/thecubeofcubes.com\/wp-content\/uploads\/2026\/03\/cube_035_al-ghafur-266x300.png 266w, https:\/\/thecubeofcubes.com\/wp-content\/uploads\/2026\/03\/cube_035_al-ghafur.png 418w\" sizes=\"(max-width: 266px) 100vw, 266px\" \/>[\/vc_column_text][\/vc_column][vc_column width=&#8221;1\/2&#8243;]      <div class=\"heading-block heading-69a7528a520bb tal h-h1\">\n                  <h1 class=\"h\"><span> Al-Ghaf\u016br<\/span> -The Utterly Forgiving One <\/h1>\n              <\/div>\n    [vc_column_text css=&#8221;&#8221;]<em>Al-Ghaf\u016br<\/em> has the same meaning as <em>Al-Ghaff\u0101r<\/em>, but it (i.e. <em>Al-Ghaf\u016br<\/em>) denotes an extensiveness of a different kind from that denoted by Al-Ghaff\u0101r. Certainly Al-Ghaff\u0101r denotes an extreme (degree) of forgiveness in respect of forgiveness that is repeated time after time. (The difference lies in the fact that the paradigm) Al-fa\u02bf\u02bf\u0101l denotes an abundance of the action (Al-fi\u02bfl) (expressed by the root), and Al-fa\u02bf\u016bl denotes the excellence, perfection and the inclusiveness of the action. Thus He is <em>Al-Ghaf\u016br<\/em> in the sense that He forgives perfectly and completely and thereby reaches the ultimate degree of forgiveness.[\/vc_column_text]          <div class=\"button-container button-698a847d5c594 left\">\n        <a class=\"button-style1\" href=\"\/product\/the-cube-of-cubes\/\" target=\"_self\">\n                      <span class=\"d\"><span><\/span><\/span>\n                    <span>Shop Now<\/span>\n        <\/a>\n      <\/div>\n        [\/vc_column][vc_column width=&#8221;1\/4&#8243;][vc_column_text css=&#8221;.vc_custom_1772660899984{margin-top: 0px !important;margin-bottom: 0px !important;}&#8221;]<img decoding=\"async\" class=\"img-nameofallah aligncenter wp-image-2182 size-medium\" src=\"https:\/\/thecubeofcubes.com\/wp-content\/uploads\/2026\/03\/location_035-al-ghafur-203x300.png\" alt=\"\" width=\"203\" height=\"300\" srcset=\"https:\/\/thecubeofcubes.com\/wp-content\/uploads\/2026\/03\/location_035-al-ghafur-203x300.png 203w, https:\/\/thecubeofcubes.com\/wp-content\/uploads\/2026\/03\/location_035-al-ghafur.png 446w\" sizes=\"(max-width: 203px) 100vw, 203px\" \/>[\/vc_column_text][\/vc_column][\/vc_row][vc_row css=&#8221;.vc_custom_1770686991906{border-top-width: 1px !important;padding-bottom: 65px !important;border-top-style: solid !important;border-color: #B1B0B0 !important;}&#8221; uniqid=&#8221;698a854a41655&#8243; el_class=&#8221;pagination-detail-namesofallah&#8221;][vc_column width=&#8221;1\/2&#8243; el_class=&#8221;prevbtn&#8221;]          <div class=\"button-container button-698a85360afd8 left\">\n        <a class=\"button-style3\" href=\"\/the-names-of-allah\/\" target=\"_self\">\n                    <span>All The Names of Allah<\/span>\n        <\/a>\n      <\/div>\n        [\/vc_column][vc_column width=&#8221;1\/2&#8243;]          <div class=\"button-container button-698a84cea10a1 right\">\n        <a class=\"button-style3\" href=\"#\" target=\"_self\">\n                    <span>Next<\/span>\n        <\/a>\n      <\/div>\n        [\/vc_column][\/vc_row]<\/p>\n<\/div>","protected":false},"excerpt":{"rendered":"<p>[vc_row equal_height=&#8221;yes&#8221; uniqid=&#8221;5c99cd717f62c&#8221; css=&#8221;.vc_custom_1770687287381{padding-top: 100px !important;padding-bottom: 65px !important;}&#8221;][vc_column width=&#8221;1\/4&#8243;][vc_column_text css=&#8221;.vc_custom_1772660950482{margin-top: 0px !important;margin-bottom: 0px !important;}&#8221;][\/vc_column_text][\/vc_column][vc_column width=&#8221;1\/2&#8243;][vc_column_text css=&#8221;&#8221;]Al-Ghaf\u016br has the same meaning as Al-Ghaff\u0101r, but it (i.e. Al-Ghaf\u016br) denotes an extensiveness of a different kind from that denoted by Al-Ghaff\u0101r. Certainly Al-Ghaff\u0101r denotes an extreme (degree) of forgiveness in respect of forgiveness that is repeated time after [&hellip;]<\/p>\n","protected":false},"author":1,"featured_media":0,"parent":1140,"menu_order":0,"comment_status":"closed","ping_status":"closed","template":"template-landing.php","meta":{"_acf_changed":false,"footnotes":""},"class_list":["post-2181","page","type-page","status-publish","hentry"],"acf":[],"_links":{"self":[{"href":"https:\/\/thecubeofcubes.com\/en\/wp-json\/wp\/v2\/pages\/2181","targetHints":{"allow":["GET"]}}],"collection":[{"href":"https:\/\/thecubeofcubes.com\/en\/wp-json\/wp\/v2\/pages"}],"about":[{"href":"https:\/\/thecubeofcubes.com\/en\/wp-json\/wp\/v2\/types\/page"}],"author":[{"embeddable":true,"href":"https:\/\/thecubeofcubes.com\/en\/wp-json\/wp\/v2\/users\/1"}],"replies":[{"embeddable":true,"href":"https:\/\/thecubeofcubes.com\/en\/wp-json\/wp\/v2\/comments?post=2181"}],"version-history":[{"count":1,"href":"https:\/\/thecubeofcubes.com\/en\/wp-json\/wp\/v2\/pages\/2181\/revisions"}],"predecessor-version":[{"id":2184,"href":"https:\/\/thecubeofcubes.com\/en\/wp-json\/wp\/v2\/pages\/2181\/revisions\/2184"}],"up":[{"embeddable":true,"href":"https:\/\/thecubeofcubes.com\/en\/wp-json\/wp\/v2\/pages\/1140"}],"wp:attachment":[{"href":"https:\/\/thecubeofcubes.com\/en\/wp-json\/wp\/v2\/media?parent=2181"}],"curies":[{"name":"wp","href":"https:\/\/api.w.org\/{rel}","templated":true}]}}