{"id":2321,"date":"2026-03-05T13:24:58","date_gmt":"2026-03-05T13:24:58","guid":{"rendered":"https:\/\/thecubeofcubes.com\/?page_id=2321"},"modified":"2026-03-05T13:24:58","modified_gmt":"2026-03-05T13:24:58","slug":"al-wajid","status":"publish","type":"page","link":"https:\/\/thecubeofcubes.com\/en\/the-names-of-allah\/al-wajid\/","title":{"rendered":"Al-W\u0101jid"},"content":{"rendered":"<div class=\"wpb-content-wrapper\"><p>[vc_row equal_height=&#8221;yes&#8221; uniqid=&#8221;5c99cd717f62c&#8221; css=&#8221;.vc_custom_1770687287381{padding-top: 100px !important;padding-bottom: 65px !important;}&#8221;][vc_column width=&#8221;1\/4&#8243;][vc_column_text css=&#8221;.vc_custom_1772717058641{margin-top: 0px !important;margin-bottom: 0px !important;}&#8221;]<img decoding=\"async\" class=\"img-nameofallah aligncenter wp-image-2322 size-medium\" src=\"https:\/\/thecubeofcubes.com\/wp-content\/uploads\/2026\/03\/cube_065-al-wajid-266x300.png\" alt=\"\" width=\"266\" height=\"300\" srcset=\"https:\/\/thecubeofcubes.com\/wp-content\/uploads\/2026\/03\/cube_065-al-wajid-266x300.png 266w, https:\/\/thecubeofcubes.com\/wp-content\/uploads\/2026\/03\/cube_065-al-wajid.png 418w\" sizes=\"(max-width: 266px) 100vw, 266px\" \/>[\/vc_column_text][\/vc_column][vc_column width=&#8221;1\/2&#8243;]      <div class=\"heading-block heading-69a7528a520bb tal h-h1\">\n                  <h1 class=\"h\"><span>Al-W\u0101jid<\/span> - The Founder Who Has No Needs <\/h1>\n              <\/div>\n    [vc_column_text css=&#8221;&#8221;]<em>Al-W\u0101jid<\/em> is the one who does not need anything. The term is the (very) opposite of \u201cthe one in want\u201d. Perhaps (one may also say that) the one who lacks that which he does not need would not be called one in want, and that the one who has within his reach that which is not relevant to his essence or the perfection of it would not be called a w\u0101jid. Rather <em>Al-W\u0101jid<\/em> is the one who does not lack any of the things that are necessary for him. Everything necessary for the attributes of divinity and their perfection is present in the existence of God Most High. From this stand-point, therefore, He is a w\u0101jid; in fact, He is the absolute Al-W\u0101jid. But any one other than He, even if he is a w\u0101jid in the sense that he has some of the attributes of perfection and their causes, yet he (still) is in want and is not a w\u0101jid except relatively.[\/vc_column_text]          <div class=\"button-container button-698a847d5c594 left\">\n        <a class=\"button-style1\" href=\"\/product\/the-cube-of-cubes\/\" target=\"_self\">\n                      <span class=\"d\"><span><\/span><\/span>\n                    <span>Shop Now<\/span>\n        <\/a>\n      <\/div>\n        [\/vc_column][vc_column width=&#8221;1\/4&#8243;][vc_column_text css=&#8221;.vc_custom_1772717095105{margin-top: 0px !important;margin-bottom: 0px !important;}&#8221;]<img decoding=\"async\" class=\"img-nameofallah aligncenter wp-image-2323 size-medium\" src=\"https:\/\/thecubeofcubes.com\/wp-content\/uploads\/2026\/03\/location_065-al-wajid-203x300.png\" alt=\"\" width=\"203\" height=\"300\" srcset=\"https:\/\/thecubeofcubes.com\/wp-content\/uploads\/2026\/03\/location_065-al-wajid-203x300.png 203w, https:\/\/thecubeofcubes.com\/wp-content\/uploads\/2026\/03\/location_065-al-wajid.png 446w\" sizes=\"(max-width: 203px) 100vw, 203px\" \/>[\/vc_column_text][\/vc_column][\/vc_row][vc_row css=&#8221;.vc_custom_1770686991906{border-top-width: 1px !important;padding-bottom: 65px !important;border-top-style: solid !important;border-color: #B1B0B0 !important;}&#8221; uniqid=&#8221;698a854a41655&#8243; el_class=&#8221;pagination-detail-namesofallah&#8221;][vc_column width=&#8221;1\/2&#8243; el_class=&#8221;prevbtn&#8221;]          <div class=\"button-container button-698a85360afd8 left\">\n        <a class=\"button-style3\" href=\"\/the-names-of-allah\/\" target=\"_self\">\n                    <span>All The Names of Allah<\/span>\n        <\/a>\n      <\/div>\n        [\/vc_column][vc_column width=&#8221;1\/2&#8243;]          <div class=\"button-container button-698a84cea10a1 right\">\n        <a class=\"button-style3\" href=\"#\" target=\"_self\">\n                    <span>Next<\/span>\n        <\/a>\n      <\/div>\n        [\/vc_column][\/vc_row]<\/p>\n<\/div>","protected":false},"excerpt":{"rendered":"<p>[vc_row equal_height=&#8221;yes&#8221; uniqid=&#8221;5c99cd717f62c&#8221; css=&#8221;.vc_custom_1770687287381{padding-top: 100px !important;padding-bottom: 65px !important;}&#8221;][vc_column width=&#8221;1\/4&#8243;][vc_column_text css=&#8221;.vc_custom_1772717058641{margin-top: 0px !important;margin-bottom: 0px !important;}&#8221;][\/vc_column_text][\/vc_column][vc_column width=&#8221;1\/2&#8243;][vc_column_text css=&#8221;&#8221;]Al-W\u0101jid is the one who does not need anything. The term is the (very) opposite of \u201cthe one in want\u201d. Perhaps (one may also say that) the one who lacks that which he does not need would not be called [&hellip;]<\/p>\n","protected":false},"author":1,"featured_media":0,"parent":1140,"menu_order":0,"comment_status":"closed","ping_status":"closed","template":"template-landing.php","meta":{"_acf_changed":false,"footnotes":""},"class_list":["post-2321","page","type-page","status-publish","hentry"],"acf":[],"_links":{"self":[{"href":"https:\/\/thecubeofcubes.com\/en\/wp-json\/wp\/v2\/pages\/2321","targetHints":{"allow":["GET"]}}],"collection":[{"href":"https:\/\/thecubeofcubes.com\/en\/wp-json\/wp\/v2\/pages"}],"about":[{"href":"https:\/\/thecubeofcubes.com\/en\/wp-json\/wp\/v2\/types\/page"}],"author":[{"embeddable":true,"href":"https:\/\/thecubeofcubes.com\/en\/wp-json\/wp\/v2\/users\/1"}],"replies":[{"embeddable":true,"href":"https:\/\/thecubeofcubes.com\/en\/wp-json\/wp\/v2\/comments?post=2321"}],"version-history":[{"count":1,"href":"https:\/\/thecubeofcubes.com\/en\/wp-json\/wp\/v2\/pages\/2321\/revisions"}],"predecessor-version":[{"id":2324,"href":"https:\/\/thecubeofcubes.com\/en\/wp-json\/wp\/v2\/pages\/2321\/revisions\/2324"}],"up":[{"embeddable":true,"href":"https:\/\/thecubeofcubes.com\/en\/wp-json\/wp\/v2\/pages\/1140"}],"wp:attachment":[{"href":"https:\/\/thecubeofcubes.com\/en\/wp-json\/wp\/v2\/media?parent=2321"}],"curies":[{"name":"wp","href":"https:\/\/api.w.org\/{rel}","templated":true}]}}