{"id":4315,"date":"2026-04-03T09:12:33","date_gmt":"2026-04-03T09:12:33","guid":{"rendered":"https:\/\/thecubeofcubes.com\/?page_id=4315"},"modified":"2026-04-03T09:14:05","modified_gmt":"2026-04-03T09:14:05","slug":"legal-notice","status":"publish","type":"page","link":"https:\/\/thecubeofcubes.com\/en\/legal-notice\/","title":{"rendered":"Legal Notice"},"content":{"rendered":"<div class=\"wpb-content-wrapper\"><p>[vc_row uniqid=&#8221;6957bfb9b60e5&#8243; css=&#8221;.vc_custom_1768376380613{padding-top: 100px !important;}&#8221;][vc_column]      <div class=\"heading-block heading-6957a03845f79 tal h-h1\">\n                  <h1 class=\"h\">Legal Notice<\/h1>\n              <\/div>\n    [\/vc_column][\/vc_row][vc_row css=&#8221;.vc_custom_1775204965778{padding-bottom: 65px !important;}&#8221; uniqid=&#8221;69cf7a61eab98&#8243;][vc_column][vc_column_text css=&#8221;&#8221;]<span style=\"font-weight: 400;\">The present website\u00a0<\/span><a href=\"http:\/\/www.thecubeofcubes.com\/\"><b>www.thecubeofcubes.com<\/b><\/a><span style=\"font-weight: 400;\">\u00a0is published by:<\/span><\/p>\n<p><b>BELOUA SAS<\/b><span style=\"font-weight: 400;\"><br \/>\n<\/span><span style=\"font-weight: 400;\">Simplified joint-stock company (Soci\u00e9t\u00e9 par actions simplifi\u00e9e)<\/span><span style=\"font-weight: 400;\"><br \/>\n<\/span><span style=\"font-weight: 400;\">RCS Paris 930 162 391<\/span><span style=\"font-weight: 400;\"><br \/>\n<\/span><span style=\"font-weight: 400;\">Share capital: \u20ac50,000<\/span><span style=\"font-weight: 400;\"><br \/>\n<\/span><span style=\"font-weight: 400;\">Registered office: Paris, France<\/span><\/p>\n<p><span style=\"font-weight: 400;\">Contact email:\u00a0<\/span><a href=\"mailto:contact@beloua.fr\"><span style=\"font-weight: 400;\">contact@beloua.fr<\/span><\/a><b>\u00a0<\/b><\/p>\n<p><span style=\"font-weight: 400;\">Publication director:\u00a0<\/span><b>BELOUA SAS<\/b><\/p>\n<p><span style=\"font-weight: 400;\">This website presents the artistic project\u00a0<\/span><b>The Cube of Cubes<\/b><span style=\"font-weight: 400;\">, including information about the cube, the associated book, and the artist\u00a0<\/span><b>Ahmed Moustafa<\/b><span style=\"font-weight: 400;\">.<\/span>[\/vc_column_text]      <div class=\"heading-block heading-69cf7900db1a2 tal h-h3\">\n                  <h3 class=\"h\">Website hosting<\/h3>\n              <\/div>\n    [vc_column_text css=&#8221;&#8221;]<span style=\"font-weight: 400;\">The website is hosted by:<\/span><\/p>\n<p><b>OVHcloud<\/b><span style=\"font-weight: 400;\"><br \/>\n<\/span><span style=\"font-weight: 400;\">2 rue Kellermann<\/span><span style=\"font-weight: 400;\"><br \/>\n<\/span><span style=\"font-weight: 400;\">59100 Roubaix<\/span><span style=\"font-weight: 400;\"><br \/>\n<\/span><span style=\"font-weight: 400;\">France<\/span>[\/vc_column_text][\/vc_column][\/vc_row]<\/p>\n<\/div>","protected":false},"excerpt":{"rendered":"<p>[vc_row uniqid=&#8221;6957bfb9b60e5&#8243; css=&#8221;.vc_custom_1768376380613{padding-top: 100px !important;}&#8221;][vc_column][\/vc_column][\/vc_row][vc_row css=&#8221;.vc_custom_1775204965778{padding-bottom: 65px !important;}&#8221; uniqid=&#8221;69cf7a61eab98&#8243;][vc_column][vc_column_text css=&#8221;&#8221;]The present website\u00a0www.thecubeofcubes.com\u00a0is published by: BELOUA SAS Simplified joint-stock company (Soci\u00e9t\u00e9 par actions simplifi\u00e9e) RCS Paris 930 162 391 Share capital: \u20ac50,000 Registered office: Paris, France Contact email:\u00a0contact@beloua.fr\u00a0 Publication director:\u00a0BELOUA SAS This website presents the artistic project\u00a0The Cube of Cubes, including information about the cube, the [&hellip;]<\/p>\n","protected":false},"author":1,"featured_media":0,"parent":0,"menu_order":0,"comment_status":"closed","ping_status":"open","template":"template-landing.php","meta":{"_acf_changed":false,"footnotes":""},"class_list":["post-4315","page","type-page","status-publish","hentry"],"acf":[],"_links":{"self":[{"href":"https:\/\/thecubeofcubes.com\/en\/wp-json\/wp\/v2\/pages\/4315","targetHints":{"allow":["GET"]}}],"collection":[{"href":"https:\/\/thecubeofcubes.com\/en\/wp-json\/wp\/v2\/pages"}],"about":[{"href":"https:\/\/thecubeofcubes.com\/en\/wp-json\/wp\/v2\/types\/page"}],"author":[{"embeddable":true,"href":"https:\/\/thecubeofcubes.com\/en\/wp-json\/wp\/v2\/users\/1"}],"replies":[{"embeddable":true,"href":"https:\/\/thecubeofcubes.com\/en\/wp-json\/wp\/v2\/comments?post=4315"}],"version-history":[{"count":3,"href":"https:\/\/thecubeofcubes.com\/en\/wp-json\/wp\/v2\/pages\/4315\/revisions"}],"predecessor-version":[{"id":4318,"href":"https:\/\/thecubeofcubes.com\/en\/wp-json\/wp\/v2\/pages\/4315\/revisions\/4318"}],"wp:attachment":[{"href":"https:\/\/thecubeofcubes.com\/en\/wp-json\/wp\/v2\/media?parent=4315"}],"curies":[{"name":"wp","href":"https:\/\/api.w.org\/{rel}","templated":true}]}}